{"id":36,"date":"2025-11-21T19:42:48","date_gmt":"2025-11-21T19:42:48","guid":{"rendered":"http:\/\/192.168.0.178\/wordpress\/?page_id=36"},"modified":"2025-11-21T19:42:48","modified_gmt":"2025-11-21T19:42:48","slug":"historia","status":"publish","type":"page","link":"https:\/\/institutodavid.com\/index.php\/historia\/","title":{"rendered":"Historia"},"content":{"rendered":"\n<div id=\"wp-block-themeisle-blocks-timeline-6eb62252\" class=\"wp-block-themeisle-blocks-timeline\"><div class=\"o-timeline-root\">\n<div id=\"wp-block-themeisle-blocks-timeline-item-6c2fbbdb\" class=\"wp-block-themeisle-blocks-timeline-item\"><div class=\"o-timeline-container\"><div class=\"o-timeline-icon\"><i class=\"fas fa-circle\"><\/i><\/div><div class=\"o-timeline-content\">\n<p class=\"has-small-font-size\">1981<\/p>\n\n\n\n<h3 class=\"wp-block-heading\">Fundaci\u00f3n<\/h3>\n\n\n\n<p>El Instituto Bautista Independiente David de Guadalajara, se fund\u00f3 en el a\u00f1o 1981 por el misionero Dr. Jerrel K. Shaw (hno. Jerry), como un instituto nocturno. Se inicio en la iglesia Bautista Berea, ubicada en la calle Circunvalaci\u00f3n #1620 en la colonia Postes Cuates del sector Libertad.<\/p>\n<\/div><\/div><\/div>\n\n\n\n<div id=\"wp-block-themeisle-blocks-timeline-item-149b9d7d\" class=\"wp-block-themeisle-blocks-timeline-item\"><div class=\"o-timeline-container\"><div class=\"o-timeline-icon\"><i class=\"fas fa-circle\"><\/i><\/div><div class=\"o-timeline-content\">\n<p class=\"has-small-font-size\">1981<\/p>\n\n\n\n<h3 class=\"wp-block-heading\">Profesores<\/h3>\n\n\n\n<p>Al terminar el semestre, los Hnos. Lorenzo Nieves y Ottis Jarrel comenzaron a colaborar como profesores. El instituto empez\u00f3 el a\u00f1o con 25 alumnos estudiando dos noches por semana, tres horas cada noche. Los estudios eran por un total de tres a\u00f1os.<\/p>\n<\/div><\/div><\/div>\n\n\n\n<div id=\"wp-block-themeisle-blocks-timeline-item-3baec677\" class=\"wp-block-themeisle-blocks-timeline-item\"><div class=\"o-timeline-container\"><div class=\"o-timeline-icon\"><i class=\"fas fa-circle\"><\/i><\/div><div class=\"o-timeline-content\">\n<p class=\"has-small-font-size\">1985<\/p>\n\n\n\n<h3 class=\"wp-block-heading\">Nueva Mesa Directiva<\/h3>\n\n\n\n<p>Despu\u00e9s de ver la necesidad de tener estudios m\u00e1s profundos que los del instituto nocturno, fue formada una nueva mesa directiva, con nuevo entusiasmo, nuevos prop\u00f3sitos y una determinaci\u00f3n de ense\u00f1ar la Biblia a un nivel m\u00e1s profundo. Los hnos. Jerry Shaw, Lorenzo Nieves, El\u00edas L\u00f3pez, Luis B\u00e1rcena y el hno. Jerry Pieper formaron parte de la primera mesa directiva en el mes de Junio de 1985. Hicieron planes de tener un instituto internado con un plan de estudios de dos a\u00f1os. El instituto internado comenz\u00f3 en el mes de Septiembre del mismo a\u00f1o con un total de siete alumnos.<\/p>\n<\/div><\/div><\/div>\n\n\n\n<div id=\"wp-block-themeisle-blocks-timeline-item-34518e6b\" class=\"wp-block-themeisle-blocks-timeline-item\"><div class=\"o-timeline-container\"><div class=\"o-timeline-icon\"><i class=\"fas fa-circle\"><\/i><\/div><div class=\"o-timeline-content\">\n<p class=\"has-small-font-size\">1985<\/p>\n\n\n\n<h3 class=\"wp-block-heading\">Costo Accesible<\/h3>\n\n\n\n<p>El \u00fanico costo para el alumno fue pagar el costo de sus libros, y hasta hoy, este es el \u00fanico requisito financiero para los alumnos internos. La mesa directiva decidi\u00f3 que los alumnos ten\u00edan que obedecer los requisitos internos y trabajar en la construcci\u00f3n de iglesias con el prop\u00f3sito de pagar una porci\u00f3n de sus estudios con su mano de obra. Hasta ahora, los j\u00f3venes junto con los profesores y miembros de las iglesias, han construido tres iglesias y ayudado con las obras de otras. Adem\u00e1s, los alumnos han sido de ayuda para muchos pastores en programas evangelisticos, predicaciones y escuelas dominicales, etc.<\/p>\n<\/div><\/div><\/div>\n\n\n\n<div id=\"wp-block-themeisle-blocks-timeline-item-1b8f63a2\" class=\"wp-block-themeisle-blocks-timeline-item\"><div class=\"o-timeline-container\"><div class=\"o-timeline-icon\"><i class=\"fas fa-circle\"><\/i><\/div><div class=\"o-timeline-content\">\n<p class=\"has-small-font-size\">1987<\/p>\n\n\n\n<h3 class=\"wp-block-heading\">Desarroando Estudios<\/h3>\n\n\n\n<p>Al fin del a\u00f1o escolar 1987, la mesa directiva decidi\u00f3 clausurar el instituto nocturno y poner todo el \u00e9nfasis en desarrollar aun m\u00e1s los estudios del instituto matutino (internado).<\/p>\n<\/div><\/div><\/div>\n\n\n\n<div id=\"wp-block-themeisle-blocks-timeline-item-2289bc1b\" class=\"wp-block-themeisle-blocks-timeline-item\"><div class=\"o-timeline-container\"><div class=\"o-timeline-icon\"><i class=\"fas fa-circle\"><\/i><\/div><div class=\"o-timeline-content\">\n<p class=\"has-small-font-size\">1991<\/p>\n\n\n\n<h3 class=\"wp-block-heading\">A\u00f1adiendo Otro A\u00f1o<\/h3>\n\n\n\n<p>Al fin del a\u00f1o 1991, la mesa directiva decidi\u00f3 a\u00f1adir otro a\u00f1o mas, haciendo el curso de tres a\u00f1os. Con el plan de estudios que ahora se tiene, no existe ninguna parte de la Biblia que no sea estudiado por los alumnos.<\/p>\n<\/div><\/div><\/div>\n\n\n\n<div id=\"wp-block-themeisle-blocks-timeline-item-e14957e7\" class=\"wp-block-themeisle-blocks-timeline-item\"><div class=\"o-timeline-container\"><div class=\"o-timeline-icon\"><i class=\"fas fa-circle\"><\/i><\/div><div class=\"o-timeline-content\">\n<p class=\"has-small-font-size\">1993<\/p>\n\n\n\n<h3 class=\"wp-block-heading\">Clases Nocturnas Vuelvev<\/h3>\n\n\n\n<p> El director y los miembros de la mesa directiva nunca cerraron sus o\u00eddos al clamor de aquellos que quer\u00edan estudios nocturnos. Conociendo la necesidad de los hermanos casados que tienen la necesidad de mantener a su familia, la mesa directiva decidi\u00f3 abrir nuevamente un instituto nocturno. Esto se hizo realidad en el a\u00f1o de 1993.<\/p>\n<\/div><\/div><\/div>\n\n\n\n<div id=\"wp-block-themeisle-blocks-timeline-item-f3fbcf21\" class=\"wp-block-themeisle-blocks-timeline-item\"><div class=\"o-timeline-container\"><div class=\"o-timeline-icon\"><i class=\"fas fa-circle\"><\/i><\/div><div class=\"o-timeline-content\">\n<p class=\"has-small-font-size\">1997<\/p>\n\n\n\n<h3 class=\"wp-block-heading\">Yucat\u00e1n<\/h3>\n\n\n\n<p> En 1997, se a\u00f1adi\u00f3 otra extensi\u00f3n del instituto en la ciudad de Valladolid, Yucat\u00e1n. Varios hermanos de dicho estado hab\u00edan estado buscando educaci\u00f3n formal en la Palabra de Dios. Se hizo esto realidad a trav\u00e9s de un graduado que ah\u00ed radica, el Hno. Felipe Neri. Desde la concepci\u00f3n de este instituto, el Hno. Crescencio Galaviz (quien tambi\u00e9n es egresado) ha trabajado arduamente para que el Instituto florezca en ese lugar. Hoy, el Hno. Galaviz es el director del Instituto en esa rama, ah\u00ed en Yucat\u00e1n.<\/p>\n<\/div><\/div><\/div>\n\n\n\n<div id=\"wp-block-themeisle-blocks-timeline-item-74f65089\" class=\"wp-block-themeisle-blocks-timeline-item\"><div class=\"o-timeline-container\"><div class=\"o-timeline-icon\"><i class=\"fas fa-circle\"><\/i><\/div><div class=\"o-timeline-content\"><div class=\"wp-block-post-date\"><time datetime=\"2025-11-21T19:42:48-06:00\">noviembre 21, 2025<\/time><\/div>\n\n\n<h3 class=\"wp-block-heading\">Hoy<\/h3>\n\n\n\n<p>Hoy, los institutos nocturnos son de cinco a\u00f1os de estudios. Estos cursos son dos d\u00edas por semana, de tres horas cada d\u00eda. Nuestro deseo y oraci\u00f3n es que ambos institutos, el internado al igual que el nocturno, disfruten de una larga vida.<\/p>\n<\/div><\/div><\/div>\n<\/div><\/div>\n","protected":false},"excerpt":{"rendered":"","protected":false},"author":2,"featured_media":0,"parent":0,"menu_order":0,"comment_status":"closed","ping_status":"closed","template":"","meta":{"_themeisle_gutenberg_block_has_review":false,"inspiro_hide_title":false,"footnotes":""},"class_list":["post-36","page","type-page","status-publish","hentry"],"_links":{"self":[{"href":"https:\/\/institutodavid.com\/index.php\/wp-json\/wp\/v2\/pages\/36","targetHints":{"allow":["GET"]}}],"collection":[{"href":"https:\/\/institutodavid.com\/index.php\/wp-json\/wp\/v2\/pages"}],"about":[{"href":"https:\/\/institutodavid.com\/index.php\/wp-json\/wp\/v2\/types\/page"}],"author":[{"embeddable":true,"href":"https:\/\/institutodavid.com\/index.php\/wp-json\/wp\/v2\/users\/2"}],"replies":[{"embeddable":true,"href":"https:\/\/institutodavid.com\/index.php\/wp-json\/wp\/v2\/comments?post=36"}],"version-history":[{"count":1,"href":"https:\/\/institutodavid.com\/index.php\/wp-json\/wp\/v2\/pages\/36\/revisions"}],"predecessor-version":[{"id":214,"href":"https:\/\/institutodavid.com\/index.php\/wp-json\/wp\/v2\/pages\/36\/revisions\/214"}],"wp:attachment":[{"href":"https:\/\/institutodavid.com\/index.php\/wp-json\/wp\/v2\/media?parent=36"}],"curies":[{"name":"wp","href":"https:\/\/api.w.org\/{rel}","templated":true}]}}