{"id":23,"date":"2025-04-22T21:41:02","date_gmt":"2025-04-22T21:41:02","guid":{"rendered":"http:\/\/localhost\/wordpress\/inicio-3\/"},"modified":"2026-03-08T20:23:22","modified_gmt":"2026-03-09T02:23:22","slug":"inicio-3","status":"publish","type":"page","link":"https:\/\/institutodavid.com\/","title":{"rendered":"Inicio"},"content":{"rendered":"\n<div class=\"wp-block-buttons is-content-justification-center is-layout-flex wp-container-core-buttons-is-layout-a89b3969 wp-block-buttons-is-layout-flex\">\n<div class=\"wp-block-button\"><a class=\"wp-block-button__link wp-element-button\" href=\"https:\/\/www.institutodavid.com\/portada\/?redirect=0\">Ingresa a IBID<\/a><\/div>\n<\/div>\n\n\n\n<div class=\"wp-block-cover aligncenter is-light hestia-clear-top-padding\" style=\"min-height:100vh;aspect-ratio:unset;\"><span aria-hidden=\"true\" class=\"wp-block-cover__background has-white-background-color has-background-dim-100 has-background-dim\"><\/span><div class=\"wp-block-cover__inner-container is-layout-flow wp-block-cover-is-layout-flow\">\n<h2 class=\"wp-block-heading has-text-align-center has-text-color\" style=\"color:#3c4858\">Nuestro Enfoque<\/h2>\n\n\n\n<div style=\"height:40px\" aria-hidden=\"true\" class=\"wp-block-spacer\"><\/div>\n\n\n\n<div class=\"wp-block-columns container is-layout-flex wp-container-core-columns-is-layout-28f84493 wp-block-columns-is-layout-flex\">\n<div class=\"wp-block-column is-layout-flow wp-block-column-is-layout-flow\">\n<figure class=\"wp-block-image aligncenter size-full is-resized\"><img loading=\"lazy\" decoding=\"async\" width=\"100\" height=\"100\" src=\"https:\/\/institutodavid.com\/wp-content\/uploads\/2025\/04\/bible-icon100x100.png\" alt=\"\" class=\"wp-image-145\" style=\"width:100px\"\/><\/figure>\n\n\n\n<h5 class=\"wp-block-heading has-text-align-center has-text-color\" style=\"color:#3c4858;font-size:clamp(14px, 0.875rem + ((1vw - 3.2px) * 0.354), 18px);px\"><a href=\"https:\/\/institutodavid.com\/index.php\/filosofia#filosofia-las-escrituras\">Las Escrituras<\/a><\/h5>\n\n\n\n<p class=\"has-text-align-center has-text-color\" style=\"color:#999999;font-size:14px\">Creemos que la Biblia es la Palabra Inspirada de Dios y por lo tanto, es la autoridad final de la fe y practica cristiana, (2 Timoteo 3:16-17). Nuestra filosof\u00eda est\u00e1 basada sobre la infalible Palabra de Dios.<\/p>\n\n\n\n<div style=\"height:25px\" aria-hidden=\"true\" class=\"wp-block-spacer\"><\/div>\n<\/div>\n\n\n\n<div class=\"wp-block-column is-layout-flow wp-block-column-is-layout-flow\">\n<figure class=\"wp-block-image aligncenter size-full is-resized\"><img loading=\"lazy\" decoding=\"async\" width=\"100\" height=\"100\" src=\"https:\/\/institutodavid.com\/wp-content\/uploads\/2025\/04\/throne-icon100x100.png\" alt=\"\" class=\"wp-image-146\" style=\"width:100px;height:auto\"\/><\/figure>\n\n\n\n<h5 class=\"wp-block-heading has-text-align-center has-text-color\" style=\"color:#3c4858;font-size:clamp(14px, 0.875rem + ((1vw - 3.2px) * 0.354), 18px);px\"><a href=\"https:\/\/institutodavid.com\/index.php\/filosofia#filosofia-dios\" data-type=\"link\" data-id=\"https:\/\/institutodavid.com\/index.php\/filosofia#filosofia-dios\">Dios<\/a><\/h5>\n\n\n\n<p class=\"has-text-align-center has-text-color\" style=\"color:#999999;font-size:14px\">Dios es el punto donde empezamos nuestro ministerio. Por lo cual, la oraci\u00f3n y la dependencia de Dios, deben estar enfatizadas. Los planes y actividades ser\u00e1n in\u00fatiles y vacios sin la direcci\u00f3n, bendici\u00f3n y el poder de Dios.<\/p>\n\n\n\n<div style=\"height:25px\" aria-hidden=\"true\" class=\"wp-block-spacer\"><\/div>\n<\/div>\n\n\n\n<div class=\"wp-block-column is-layout-flow wp-block-column-is-layout-flow\">\n<figure class=\"wp-block-image aligncenter size-full is-resized\"><img loading=\"lazy\" decoding=\"async\" width=\"100\" height=\"100\" src=\"https:\/\/institutodavid.com\/wp-content\/uploads\/2025\/04\/cros-icon100x100.png\" alt=\"\" class=\"wp-image-148\" style=\"width:100px\"\/><\/figure>\n\n\n\n<h5 class=\"wp-block-heading has-text-align-center has-text-color\" style=\"color:#3c4858;font-size:clamp(14px, 0.875rem + ((1vw - 3.2px) * 0.354), 18px);px\"><a href=\"https:\/\/institutodavid.com\/index.php\/filosofia#filosofia-la-gran-comision\" data-type=\"page\" data-id=\"46\">La Gran Comisi\u00f3n<\/a><\/h5>\n\n\n\n<p class=\"has-text-align-center has-text-color\" style=\"color:#999999;font-size:14px\">La obligaci\u00f3n del instituto es entrenar formalmente a cada alumno en el evangelismo personal y tambi\u00e9n ense\u00f1arles profundamente las Sagradas Escrituras. Lo haremos con material y ense\u00f1anzas apropiadas y con programas de pr\u00e1ctica.<\/p>\n\n\n\n<div style=\"height:25px\" aria-hidden=\"true\" class=\"wp-block-spacer\"><\/div>\n<\/div>\n\n\n\n<div class=\"wp-block-column is-layout-flow wp-block-column-is-layout-flow\">\n<figure class=\"wp-block-image aligncenter size-full is-resized\"><img loading=\"lazy\" decoding=\"async\" width=\"100\" height=\"100\" src=\"https:\/\/institutodavid.com\/wp-content\/uploads\/2025\/04\/praying-icon100x100.png\" alt=\"\" class=\"wp-image-163\" style=\"width:100px\"\/><\/figure>\n\n\n\n<h5 class=\"wp-block-heading has-text-align-center has-text-color\" style=\"color:#3c4858;font-size:clamp(14px, 0.875rem + ((1vw - 3.2px) * 0.354), 18px);px\"><a href=\"https:\/\/institutodavid.com\/index.php\/filosofia#filosofia-la-practica\" data-type=\"page\" data-id=\"46\">La Practica<\/a><\/h5>\n\n\n\n<p class=\"has-text-align-center has-text-color\" style=\"color:#999999;font-size:14px\">El compromiso de los alumnos no solamente es estudiar diligentemente, sino tambi\u00e9n mostrar crecimiento hacia la madurez. Con tal prop\u00f3sito, ellos pueden tener \u00e9xito discipulando a otros mientras estudian.<\/p>\n\n\n\n<div style=\"height:25px\" aria-hidden=\"true\" class=\"wp-block-spacer\"><\/div>\n<\/div>\n<\/div>\n\n\n\n<div class=\"wp-block-buttons is-content-justification-center is-layout-flex wp-container-core-buttons-is-layout-a89b3969 wp-block-buttons-is-layout-flex\">\n<div class=\"wp-block-button\"><a class=\"wp-block-button__link wp-element-button\" href=\"https:\/\/institutodavid.com\/index.php\/articulos-de-fe\/\">Articulos de Fe<\/a><\/div>\n<\/div>\n\n\n\n<div style=\"height:40px\" aria-hidden=\"true\" class=\"wp-block-spacer\"><\/div>\n<\/div><\/div>\n\n\n\n<div class=\"wp-block-columns container is-layout-flex wp-container-core-columns-is-layout-28f84493 wp-block-columns-is-layout-flex\">\n<div class=\"wp-block-column col-md-5 is-layout-flow wp-block-column-is-layout-flow\">\n<div style=\"height:55px\" aria-hidden=\"true\" class=\"wp-block-spacer\"><\/div>\n\n\n\n<h2 class=\"wp-block-heading\">Acerca de IBID<\/h2>\n\n\n\n<p>El Instituto Bautista Independiente David mantiene sus puertas abiertas a los alumnos que est\u00e1n dedicados a desarrollar su vida espiritual y a servir a Jesucristo a trav\u00e9s de sus iglesias locales.<\/p>\n<\/div>\n\n\n\n<div class=\"wp-block-column col-md-6 col-md-offset1 is-layout-flow wp-block-column-is-layout-flow\">\n<div style=\"height:55px\" aria-hidden=\"true\" class=\"wp-block-spacer\"><\/div>\n\n\n\n<figure class=\"wp-block-image size-full\"><img loading=\"lazy\" decoding=\"async\" width=\"1536\" height=\"664\" src=\"https:\/\/institutodavid.com\/wp-content\/uploads\/2025\/04\/ChatGPT-Image-Apr-22-2025-09_22_07-PM2-1.png\" alt=\"\" class=\"wp-image-151\" srcset=\"https:\/\/institutodavid.com\/wp-content\/uploads\/2025\/04\/ChatGPT-Image-Apr-22-2025-09_22_07-PM2-1.png 1536w, https:\/\/institutodavid.com\/wp-content\/uploads\/2025\/04\/ChatGPT-Image-Apr-22-2025-09_22_07-PM2-1-300x130.png 300w, https:\/\/institutodavid.com\/wp-content\/uploads\/2025\/04\/ChatGPT-Image-Apr-22-2025-09_22_07-PM2-1-1024x443.png 1024w, https:\/\/institutodavid.com\/wp-content\/uploads\/2025\/04\/ChatGPT-Image-Apr-22-2025-09_22_07-PM2-1-768x332.png 768w\" sizes=\"auto, (max-width: 1536px) 100vw, 1536px\" \/><\/figure>\n\n\n\n<p><\/p>\n<\/div>\n<\/div>\n\n\n\n<figure class=\"wp-block-image aligncenter size-full is-resized\"><img loading=\"lazy\" decoding=\"async\" width=\"2100\" height=\"2100\" src=\"https:\/\/institutodavid.com\/wp-content\/uploads\/2025\/04\/Logo3-100x100-1.png\" alt=\"\" class=\"wp-image-153\" style=\"width:100px\" srcset=\"https:\/\/institutodavid.com\/wp-content\/uploads\/2025\/04\/Logo3-100x100-1.png 2100w, https:\/\/institutodavid.com\/wp-content\/uploads\/2025\/04\/Logo3-100x100-1-300x300.png 300w, https:\/\/institutodavid.com\/wp-content\/uploads\/2025\/04\/Logo3-100x100-1-1024x1024.png 1024w, https:\/\/institutodavid.com\/wp-content\/uploads\/2025\/04\/Logo3-100x100-1-150x150.png 150w, https:\/\/institutodavid.com\/wp-content\/uploads\/2025\/04\/Logo3-100x100-1-768x768.png 768w, https:\/\/institutodavid.com\/wp-content\/uploads\/2025\/04\/Logo3-100x100-1-1536x1536.png 1536w, https:\/\/institutodavid.com\/wp-content\/uploads\/2025\/04\/Logo3-100x100-1-2048x2048.png 2048w\" sizes=\"auto, (max-width: 2100px) 100vw, 2100px\" \/><\/figure>\n\n\n\n<h2 class=\"wp-block-heading has-text-align-center\">Iglesia Bautista Centro B\u00edblico de Gracia<\/h2>\n\n\n\n<div style=\"height:100px\" aria-hidden=\"true\" class=\"wp-block-spacer\"><\/div>\n\n\n\n<figure class=\"wp-block-embed is-type-video is-provider-youtube wp-block-embed-youtube wp-embed-aspect-16-9 wp-has-aspect-ratio\"><div class=\"wp-block-embed__wrapper\">\n<iframe loading=\"lazy\" title=\"Romanos 3:21-31\" width=\"950\" height=\"534\" src=\"https:\/\/www.youtube.com\/embed\/fysLvenWvQ4?feature=oembed\" frameborder=\"0\" allow=\"accelerometer; autoplay; clipboard-write; encrypted-media; gyroscope; picture-in-picture; web-share\" referrerpolicy=\"strict-origin-when-cross-origin\" allowfullscreen><\/iframe>\n<\/div><\/figure>\n\n\n\n<div style=\"height:100px\" aria-hidden=\"true\" class=\"wp-block-spacer\"><\/div>\n\n\n\n<div class=\"wp-block-columns is-layout-flex wp-container-core-columns-is-layout-28f84493 wp-block-columns-is-layout-flex\">\n<div class=\"wp-block-column is-layout-flow wp-block-column-is-layout-flow\" style=\"flex-basis:33.33%\">\n<p>El Instituto Bautista Nueva Esperanza esta asociada a la Iglesia Bautista Centro Biblico de Gracia.<\/p>\n\n\n\n<p>La Iglesia esta ubicada en: <br><a href=\"https:\/\/maps.app.goo.gl\/feAUTLQxiEAw1wa98\">C. Puerto Ensenada 55, Miramar, Zapopan, Jal.<\/a><br><\/p>\n\n\n\n<p><\/p>\n\n\n\n<p><\/p>\n\n\n\n<p><\/p>\n\n\n\n<div class=\"wp-block-group is-nowrap is-layout-flex wp-container-core-group-is-layout-6c531013 wp-block-group-is-layout-flex\">\n<figure class=\"wp-block-image size-full is-resized\"><a href=\"https:\/\/www.facebook.com\/Institutobautistaindependientedavid\/\"><img loading=\"lazy\" decoding=\"async\" width=\"512\" height=\"512\" src=\"https:\/\/institutodavid.com\/wp-content\/uploads\/2025\/04\/2021_Facebook_icon.svg.png\" alt=\"\" class=\"wp-image-159\" style=\"width:60px\" srcset=\"https:\/\/institutodavid.com\/wp-content\/uploads\/2025\/04\/2021_Facebook_icon.svg.png 512w, https:\/\/institutodavid.com\/wp-content\/uploads\/2025\/04\/2021_Facebook_icon.svg-300x300.png 300w, https:\/\/institutodavid.com\/wp-content\/uploads\/2025\/04\/2021_Facebook_icon.svg-150x150.png 150w\" sizes=\"auto, (max-width: 512px) 100vw, 512px\" \/><\/a><\/figure>\n\n\n\n<figure class=\"wp-block-image size-full is-resized\"><a href=\"https:\/\/maps.app.goo.gl\/3KmN7uu9cQLesDkHA\"><img loading=\"lazy\" decoding=\"async\" width=\"500\" height=\"717\" src=\"https:\/\/institutodavid.com\/wp-content\/uploads\/2025\/04\/Google_Maps_icon_2020.svg.png\" alt=\"\" class=\"wp-image-160\" style=\"width:auto;height:60px\" srcset=\"https:\/\/institutodavid.com\/wp-content\/uploads\/2025\/04\/Google_Maps_icon_2020.svg.png 500w, https:\/\/institutodavid.com\/wp-content\/uploads\/2025\/04\/Google_Maps_icon_2020.svg-209x300.png 209w\" sizes=\"auto, (max-width: 500px) 100vw, 500px\" \/><\/a><\/figure>\n\n\n\n<figure class=\"wp-block-image size-full is-resized\"><a href=\"https:\/\/www.youtube.com\/@centrobiblicodegracia393\"><img loading=\"lazy\" decoding=\"async\" width=\"512\" height=\"359\" src=\"https:\/\/institutodavid.com\/wp-content\/uploads\/2025\/04\/YouTube_full-color_icon_2017.svg.png\" alt=\"\" class=\"wp-image-161\" style=\"width:60px\" srcset=\"https:\/\/institutodavid.com\/wp-content\/uploads\/2025\/04\/YouTube_full-color_icon_2017.svg.png 512w, https:\/\/institutodavid.com\/wp-content\/uploads\/2025\/04\/YouTube_full-color_icon_2017.svg-300x210.png 300w\" sizes=\"auto, (max-width: 512px) 100vw, 512px\" \/><\/a><\/figure>\n<\/div>\n<\/div>\n\n\n\n<div class=\"wp-block-column is-layout-flow wp-block-column-is-layout-flow\" style=\"flex-basis:66.66%\"><div style=\"height:400pxpx;\" class=\"wp-block-themeisle-blocks-leaflet-map\" id=\"wp-block-themeisle-blocks-google-map-58987c37\"><\/div>\n<script type=\"text\/javascript\">\n\t\/* <![CDATA[ *\/\n\t\tif ( ! window.themeisleLeafletMaps ) window.themeisleLeafletMaps =[];\n\t\twindow.themeisleLeafletMaps.push( { container: \"wp-block-themeisle-blocks-google-map-58987c37\", attributes: {\"id\":\"wp-block-themeisle-blocks-google-map-58987c37\",\"location\":\"Miramar, Zapopan, Mexico\",\"latitude\":\"20.638202192354314\",\"longitude\":\"-103.45859481995613\",\"bbox\":\"-103.46702814102174,20.634189937375023,-103.45014095306398,20.642222185299417\",\"zoom\":16,\"height\":\"400px\",\"markers\":[],\"zoomControl\":true,\"draggable\":true,\"hasCustomCSS\":false,\"customCSS\":\"\",\"otterConditions\":[]} } );\n\t\/* ]]> *\/\n<\/script>\n<\/div>\n<\/div>\n\n\n\n<p><\/p>\n","protected":false},"excerpt":{"rendered":"<p>Acerca de IBID El Instituto Bautista Independiente David mantiene sus puertas abiertas a los alumnos que est\u00e1n dedicados a desarrollar su vida espiritual y a servir a Jesucristo a trav\u00e9s de sus iglesias locales. Iglesia Bautista Centro B\u00edblico de Gracia El Instituto Bautista Nueva Esperanza esta asociada a la Iglesia Bautista Centro Biblico de Gracia. &hellip; <\/p>\n<p class=\"link-more\"><a href=\"https:\/\/institutodavid.com\/\" class=\"more-link\">Leer m\u00e1s<span class=\"screen-reader-text\"> \u00abInicio\u00bb<\/span><\/a><\/p>\n","protected":false},"author":2,"featured_media":0,"parent":0,"menu_order":0,"comment_status":"closed","ping_status":"closed","template":"","meta":{"_themeisle_gutenberg_block_has_review":false,"inspiro_hide_title":false,"footnotes":""},"class_list":["post-23","page","type-page","status-publish","hentry"],"_links":{"self":[{"href":"https:\/\/institutodavid.com\/index.php\/wp-json\/wp\/v2\/pages\/23","targetHints":{"allow":["GET"]}}],"collection":[{"href":"https:\/\/institutodavid.com\/index.php\/wp-json\/wp\/v2\/pages"}],"about":[{"href":"https:\/\/institutodavid.com\/index.php\/wp-json\/wp\/v2\/types\/page"}],"author":[{"embeddable":true,"href":"https:\/\/institutodavid.com\/index.php\/wp-json\/wp\/v2\/users\/2"}],"replies":[{"embeddable":true,"href":"https:\/\/institutodavid.com\/index.php\/wp-json\/wp\/v2\/comments?post=23"}],"version-history":[{"count":33,"href":"https:\/\/institutodavid.com\/index.php\/wp-json\/wp\/v2\/pages\/23\/revisions"}],"predecessor-version":[{"id":342,"href":"https:\/\/institutodavid.com\/index.php\/wp-json\/wp\/v2\/pages\/23\/revisions\/342"}],"wp:attachment":[{"href":"https:\/\/institutodavid.com\/index.php\/wp-json\/wp\/v2\/media?parent=23"}],"curies":[{"name":"wp","href":"https:\/\/api.w.org\/{rel}","templated":true}]}}